{"id":31,"date":"2026-02-17T20:13:40","date_gmt":"2026-02-17T19:13:40","guid":{"rendered":"https:\/\/sklep.abiz-grudziadz.pl\/?page_id=31"},"modified":"2026-02-26T12:59:52","modified_gmt":"2026-02-26T11:59:52","slug":"home","status":"publish","type":"page","link":"https:\/\/sklep.abiz-grudziadz.pl\/","title":{"rendered":"HOME"},"content":{"rendered":"\n<div class=\"wp-block-uagb-image uagb-block-5f724913 wp-block-uagb-image--layout-default wp-block-uagb-image--effect-static wp-block-uagb-image--align-none\"><figure class=\"wp-block-uagb-image__figure\"><img loading=\"lazy\" decoding=\"async\" srcset=\"https:\/\/sklep.abiz-grudziadz.pl\/wp-content\/uploads\/2026\/02\/premium_photo-1661768742069-4de270a8d9fa-1024x682.avif ,https:\/\/sklep.abiz-grudziadz.pl\/wp-content\/uploads\/2026\/02\/premium_photo-1661768742069-4de270a8d9fa.avif 780w, https:\/\/sklep.abiz-grudziadz.pl\/wp-content\/uploads\/2026\/02\/premium_photo-1661768742069-4de270a8d9fa-1024x682.avif 360w\" sizes=\"auto, (max-width: 480px) 150px\" src=\"https:\/\/sklep.abiz-grudziadz.pl\/wp-content\/uploads\/2026\/02\/premium_photo-1661768742069-4de270a8d9fa-1024x682.avif\" alt=\"\" class=\"uag-image-135\" width=\"1172\" height=\"780\" title=\"premium_photo-1661768742069-4de270a8d9fa\" loading=\"lazy\" role=\"img\"\/><\/figure><\/div>\n\n\n\n<div class=\"wp-block-uagb-info-box uagb-block-1c47ed4a uagb-infobox__content-wrap  uagb-infobox-icon-above-title uagb-infobox-image-valign-top wp-block-uagb-info-box--has-margin\"><div class=\"uagb-infobox-margin-wrapper\"><div class=\"uagb-ifb-content\"><div class=\"uagb-ifb-icon-wrap\"><svg xmlns=\"https:\/\/www.w3.org\/2000\/svg\" viewBox=\"0 0 512 512\"><path d=\"M352 256C352 278.2 350.8 299.6 348.7 320H163.3C161.2 299.6 159.1 278.2 159.1 256C159.1 233.8 161.2 212.4 163.3 192H348.7C350.8 212.4 352 233.8 352 256zM503.9 192C509.2 212.5 512 233.9 512 256C512 278.1 509.2 299.5 503.9 320H380.8C382.9 299.4 384 277.1 384 256C384 234 382.9 212.6 380.8 192H503.9zM493.4 160H376.7C366.7 96.14 346.9 42.62 321.4 8.442C399.8 29.09 463.4 85.94 493.4 160zM344.3 160H167.7C173.8 123.6 183.2 91.38 194.7 65.35C205.2 41.74 216.9 24.61 228.2 13.81C239.4 3.178 248.7 0 256 0C263.3 0 272.6 3.178 283.8 13.81C295.1 24.61 306.8 41.74 317.3 65.35C328.8 91.38 338.2 123.6 344.3 160H344.3zM18.61 160C48.59 85.94 112.2 29.09 190.6 8.442C165.1 42.62 145.3 96.14 135.3 160H18.61zM131.2 192C129.1 212.6 127.1 234 127.1 256C127.1 277.1 129.1 299.4 131.2 320H8.065C2.8 299.5 0 278.1 0 256C0 233.9 2.8 212.5 8.065 192H131.2zM194.7 446.6C183.2 420.6 173.8 388.4 167.7 352H344.3C338.2 388.4 328.8 420.6 317.3 446.6C306.8 470.3 295.1 487.4 283.8 498.2C272.6 508.8 263.3 512 255.1 512C248.7 512 239.4 508.8 228.2 498.2C216.9 487.4 205.2 470.3 194.7 446.6H194.7zM190.6 503.6C112.2 482.9 48.59 426.1 18.61 352H135.3C145.3 415.9 165.1 469.4 190.6 503.6V503.6zM321.4 503.6C346.9 469.4 366.7 415.9 376.7 352H493.4C463.4 426.1 399.8 482.9 321.4 503.6V503.6z\"><\/path><\/svg><\/div><div class=\"uagb-ifb-title-wrap\"><h5 class=\"uagb-ifb-title\">Odbierz w Naszym Sklepie stacjonarnym<\/h5><\/div><p class=\"uagb-ifb-desc\">Odbierz osobi\u015bcie i poczuj r\u00f3\u017cnic\u0119 \u2013 zarezerwuj ju\u017c dzi\u015b i odbierz sw\u00f3j produkt w naszym sklepie!<\/p><\/div><\/div><\/div>\n\n\n\n<div class=\"wp-block-uagb-info-box uagb-block-24c69160 uagb-infobox__content-wrap  uagb-infobox-icon-above-title uagb-infobox-image-valign-top wp-block-uagb-info-box--has-margin\"><div class=\"uagb-infobox-margin-wrapper\"><div class=\"uagb-ifb-content\"><div class=\"uagb-ifb-icon-wrap\"><svg xmlns=\"https:\/\/www.w3.org\/2000\/svg\" viewBox=\"0 0 448 512\"><path d=\"M438.6 105.4C451.1 117.9 451.1 138.1 438.6 150.6L182.6 406.6C170.1 419.1 149.9 419.1 137.4 406.6L9.372 278.6C-3.124 266.1-3.124 245.9 9.372 233.4C21.87 220.9 42.13 220.9 54.63 233.4L159.1 338.7L393.4 105.4C405.9 92.88 426.1 92.88 438.6 105.4H438.6z\"><\/path><\/svg><\/div><div class=\"uagb-ifb-title-wrap\"><h5 class=\"uagb-ifb-title\"><br>Najwy\u017csza jako\u015b\u0107<br><\/h5><\/div><p class=\"uagb-ifb-desc\">Tylko najwy\u017csza jako\u015b\u0107 \u2013 dla najbardziej wymagaj\u0105cych<\/p><\/div><\/div><\/div>\n\n\n\n<div class=\"wp-block-uagb-info-box uagb-block-9b602640 uagb-infobox__content-wrap  uagb-infobox-icon-above-title uagb-infobox-image-valign-top wp-block-uagb-info-box--has-margin\"><div class=\"uagb-infobox-margin-wrapper\"><div class=\"uagb-ifb-content\"><div class=\"uagb-ifb-icon-wrap\"><svg xmlns=\"https:\/\/www.w3.org\/2000\/svg\" viewBox=\"0 0 448 512\"><path d=\"M48 32H197.5C214.5 32 230.7 38.74 242.7 50.75L418.7 226.7C443.7 251.7 443.7 292.3 418.7 317.3L285.3 450.7C260.3 475.7 219.7 475.7 194.7 450.7L18.75 274.7C6.743 262.7 0 246.5 0 229.5V80C0 53.49 21.49 32 48 32L48 32zM112 176C129.7 176 144 161.7 144 144C144 126.3 129.7 112 112 112C94.33 112 80 126.3 80 144C80 161.7 94.33 176 112 176z\"><\/path><\/svg><\/div><div class=\"uagb-ifb-title-wrap\"><h5 class=\"uagb-ifb-title\"><br>Najlepsza oferta<br><\/h5><\/div><p class=\"uagb-ifb-desc\">Odkryj najlepsz\u0105 ofert\u0119 \u2013 wi\u0119cej za mniej\u200b<\/p><\/div><\/div><\/div>\n\n\n\n<div class=\"wp-block-uagb-info-box uagb-block-c140bbe5 uagb-infobox__content-wrap  uagb-infobox-icon-above-title uagb-infobox-image-valign-top wp-block-uagb-info-box--has-margin\"><div class=\"uagb-infobox-margin-wrapper\"><div class=\"uagb-ifb-content\"><div class=\"uagb-ifb-icon-wrap\"><svg xmlns=\"https:\/\/www.w3.org\/2000\/svg\" viewBox=\"0 0 448 512\"><path d=\"M80 192V144C80 64.47 144.5 0 224 0C303.5 0 368 64.47 368 144V192H384C419.3 192 448 220.7 448 256V448C448 483.3 419.3 512 384 512H64C28.65 512 0 483.3 0 448V256C0 220.7 28.65 192 64 192H80zM144 192H304V144C304 99.82 268.2 64 224 64C179.8 64 144 99.82 144 144V192z\"><\/path><\/svg><\/div><div class=\"uagb-ifb-title-wrap\"><h5 class=\"uagb-ifb-title\"><br>P\u0142a\u0107 bezpiecznie<br><\/h5><\/div><p class=\"uagb-ifb-desc\">P\u0142a\u0107 bezpiecznie \u2013 spok\u00f3j i pewno\u015b\u0107 ka\u017cdej transakcji<\/p><\/div><\/div><\/div>\n\n\n\n<div class=\"wp-block-uagb-image uagb-block-20ea227b wp-block-uagb-image--layout-default wp-block-uagb-image--effect-static wp-block-uagb-image--align-none\"><figure class=\"wp-block-uagb-image__figure\"><img loading=\"lazy\" decoding=\"async\" srcset=\"https:\/\/sklep.abiz-grudziadz.pl\/wp-content\/uploads\/2026\/02\/premium_photo-1683543124679-b2f6ac1bbc1e-1-1024x683.avif ,https:\/\/sklep.abiz-grudziadz.pl\/wp-content\/uploads\/2026\/02\/premium_photo-1683543124679-b2f6ac1bbc1e-1.avif 780w, https:\/\/sklep.abiz-grudziadz.pl\/wp-content\/uploads\/2026\/02\/premium_photo-1683543124679-b2f6ac1bbc1e-1.avif 360w\" sizes=\"auto, (max-width: 480px) 150px\" src=\"https:\/\/sklep.abiz-grudziadz.pl\/wp-content\/uploads\/2026\/02\/premium_photo-1683543124679-b2f6ac1bbc1e-1-1024x683.avif\" alt=\"\" class=\"uag-image-132\" width=\"1171\" height=\"781\" title=\"premium_photo-1683543124679-b2f6ac1bbc1e\" loading=\"lazy\" role=\"img\"\/><\/figure><\/div>\n\n\n\n<div class=\"wp-block-uagb-container uagb-block-50bd9076 alignfull uagb-is-root-container\"><div class=\"uagb-container-inner-blocks-wrap\">\n<div class=\"wp-block-uagb-container uagb-block-5cf82bba\">\n<div class=\"wp-block-uagb-container uagb-layout-grid uagb-block-4dab84ae\"><\/div>\n<\/div>\n<\/div><\/div>\n","protected":false},"excerpt":{"rendered":"","protected":false},"author":1,"featured_media":0,"parent":0,"menu_order":0,"comment_status":"closed","ping_status":"closed","template":"","meta":{"_uag_custom_page_level_css":"","footnotes":""},"class_list":["post-31","page","type-page","status-publish","hentry"],"uagb_featured_image_src":{"full":false,"thumbnail":false,"medium":false,"medium_large":false,"large":false,"1536x1536":false,"2048x2048":false,"woocommerce_thumbnail":false,"woocommerce_single":false,"woocommerce_gallery_thumbnail":false},"uagb_author_info":{"display_name":"admin","author_link":"https:\/\/sklep.abiz-grudziadz.pl\/index.php\/author\/admin\/"},"uagb_comment_info":0,"uagb_excerpt":null,"_links":{"self":[{"href":"https:\/\/sklep.abiz-grudziadz.pl\/index.php\/wp-json\/wp\/v2\/pages\/31","targetHints":{"allow":["GET"]}}],"collection":[{"href":"https:\/\/sklep.abiz-grudziadz.pl\/index.php\/wp-json\/wp\/v2\/pages"}],"about":[{"href":"https:\/\/sklep.abiz-grudziadz.pl\/index.php\/wp-json\/wp\/v2\/types\/page"}],"author":[{"embeddable":true,"href":"https:\/\/sklep.abiz-grudziadz.pl\/index.php\/wp-json\/wp\/v2\/users\/1"}],"replies":[{"embeddable":true,"href":"https:\/\/sklep.abiz-grudziadz.pl\/index.php\/wp-json\/wp\/v2\/comments?post=31"}],"version-history":[{"count":11,"href":"https:\/\/sklep.abiz-grudziadz.pl\/index.php\/wp-json\/wp\/v2\/pages\/31\/revisions"}],"predecessor-version":[{"id":145,"href":"https:\/\/sklep.abiz-grudziadz.pl\/index.php\/wp-json\/wp\/v2\/pages\/31\/revisions\/145"}],"wp:attachment":[{"href":"https:\/\/sklep.abiz-grudziadz.pl\/index.php\/wp-json\/wp\/v2\/media?parent=31"}],"curies":[{"name":"wp","href":"https:\/\/api.w.org\/{rel}","templated":true}]}}